{"id":4448,"date":"2023-08-15T19:27:43","date_gmt":"2023-08-15T17:27:43","guid":{"rendered":"https:\/\/playdoughartproject.global\/katharina-neubert\/"},"modified":"2025-12-22T17:17:22","modified_gmt":"2025-12-22T16:17:22","slug":"katharina-neubert","status":"publish","type":"page","link":"https:\/\/playdoughartproject.global\/en\/katharina-neubert\/","title":{"rendered":"Katharina Neubert"},"content":{"rendered":"<p>[et_pb_section fb_built=&#8221;1&#8243; admin_label=&#8221;Header&#8221; _builder_version=&#8221;4.22.0&#8243; _module_preset=&#8221;default&#8221; background_color=&#8221;RGBA(255,255,255,0)&#8221; custom_margin=&#8221;||||false|false&#8221; custom_padding=&#8221;||50px||false|false&#8221; locked=&#8221;off&#8221; global_colors_info=&#8221;{}&#8221;][et_pb_row column_structure=&#8221;3_4,1_4&#8243; _builder_version=&#8221;4.22.0&#8243; _module_preset=&#8221;default&#8221; custom_margin=&#8221;|auto|0px|auto|false|false&#8221; custom_padding=&#8221;0px||0px||false|false&#8221; global_colors_info=&#8221;{}&#8221;][et_pb_column type=&#8221;3_4&#8243; _builder_version=&#8221;4.22.0&#8243; _module_preset=&#8221;default&#8221; custom_padding=&#8221;||0px||false|false&#8221; custom_padding_tablet=&#8221;||0px||false|false&#8221; custom_padding_phone=&#8221;||0px||false|false&#8221; custom_padding_last_edited=&#8221;on|tablet&#8221; global_colors_info=&#8221;{}&#8221;][et_pb_text _builder_version=&#8221;4.22.1&#8243; _module_preset=&#8221;e864d11f-3dab-4fa3-ac06-4f0e1a260807&#8243; header_font=&#8221;Barlow Condensed|500|||||||&#8221; header_text_color=&#8221;#000000&#8243; header_font_size=&#8221;52px&#8221; custom_margin=&#8221;||0px||false|false&#8221; header_font_size_tablet=&#8221;42px&#8221; header_font_size_phone=&#8221;26px&#8221; header_font_size_last_edited=&#8221;on|tablet&#8221; global_colors_info=&#8221;{}&#8221;]<\/p>\n<p><strong>A project by<br \/><\/strong><\/p>\n<p><a href=\"https:\/\/katharina-neubert.de\/\">Katharina Neubert<\/a><\/p>\n<p>[\/et_pb_text][et_pb_text _builder_version=&#8221;4.22.1&#8243; _module_preset=&#8221;default&#8221; header_4_font=&#8221;|600|||||||&#8221; header_4_line_height=&#8221;1.3em&#8221; custom_margin=&#8221;50px|0px|0px||false|false&#8221; custom_padding=&#8221;||0px||false|false&#8221; global_colors_info=&#8221;{}&#8221;]<\/p>\n<h3>Personal data<\/h3>\n<p>Born: July 1965<br \/>Nationality: german<br \/>not married, one child born in 2000)<\/p>\n<p>[\/et_pb_text][\/et_pb_column][et_pb_column type=&#8221;1_4&#8243; _builder_version=&#8221;4.16&#8243; _module_preset=&#8221;default&#8221; global_colors_info=&#8221;{}&#8221;][et_pb_image src=&#8221;https:\/\/playdoughartproject.global\/wp-content\/uploads\/2023\/08\/katharina-neubert-playdoughartproject-in-die-box-gallery-picture@regine-peter.jpg&#8221; title_text=&#8221;katharina-neubert-playdoughartproject-in-die-box-gallery-picture@regine-peter&#8221; _builder_version=&#8221;4.22.0&#8243; _module_preset=&#8221;default&#8221; width=&#8221;100%&#8221; max_height_tablet=&#8221;400px&#8221; max_height_phone=&#8221;400px&#8221; max_height_last_edited=&#8221;on|tablet&#8221; custom_margin=&#8221;|-10vw|||false|false&#8221; custom_margin_tablet=&#8221;|0vw||0%|false|false&#8221; custom_margin_phone=&#8221;|0vw||0%|false|false&#8221; custom_margin_last_edited=&#8221;on|tablet&#8221; global_colors_info=&#8221;{}&#8221;][\/et_pb_image][et_pb_text _builder_version=&#8221;4.22.0&#8243; _module_preset=&#8221;default&#8221; custom_margin=&#8221;|-10vw|0px|0px|false|false&#8221; custom_padding=&#8221;17px|0px|3px|0px|false|false&#8221; global_colors_info=&#8221;{}&#8221;]<\/p>\n<div class=\"_a9zs\"><span class=\"_aacl _aaco _aacu _aacx _aad7 _aade\">Katharina Neubert, picture by Regine Peter, 2023<\/span><\/div>\n<p>[\/et_pb_text][\/et_pb_column][\/et_pb_row][et_pb_row column_structure=&#8221;1_2,1_2&#8243; _builder_version=&#8221;4.22.0&#8243; _module_preset=&#8221;default&#8221; custom_margin=&#8221;|auto|0px|auto|false|false&#8221; custom_padding=&#8221;0px||0px||false|false&#8221; hover_enabled=&#8221;0&#8243; global_colors_info=&#8221;{}&#8221; sticky_enabled=&#8221;0&#8243;][et_pb_column type=&#8221;1_2&#8243; _builder_version=&#8221;4.22.0&#8243; _module_preset=&#8221;default&#8221; custom_padding=&#8221;||0px||false|false&#8221; custom_padding_tablet=&#8221;||0px||false|false&#8221; custom_padding_phone=&#8221;||0px||false|false&#8221; custom_padding_last_edited=&#8221;on|tablet&#8221; global_colors_info=&#8221;{}&#8221;][et_pb_text _builder_version=&#8221;4.25.1&#8243; _module_preset=&#8221;default&#8221; header_4_font=&#8221;|600|||||||&#8221; header_4_line_height=&#8221;1.3em&#8221; custom_margin=&#8221;50px|12px|0px||false|false&#8221; custom_padding=&#8221;||0px||false|false&#8221; global_colors_info=&#8221;{}&#8221;]<\/p>\n<h3>Education<\/h3>\n<p>2001\u20132003 CimData, Medienakademie, Designer<br \/>1985\u20131992 Universit\u00e4t der K\u00fcnste, Berlin, Meistersch\u00fcler<br \/>1984\u20131991 History studies, (TU, Berlin)<br \/>1983 Abitur, Berlin<\/p>\n<h3>Career<\/h3>\n<p>since 2018 reopening <a href=\"https:\/\/die-box-berlin.de\/\">project space \u201adie box\u2018 <\/a><br \/>since 2003 agency <a href=\"https:\/\/www.dot-box.de\/\">dot box, Design<\/a><br \/>since 1992 self employed artist,<br \/>1994 start project space \u201adie box\u2018, Berlin<\/p>\n<h3>Soloshows<\/h3>\n<p><strong>2023<\/strong><br \/>&#8211; playdoughartproject, <a href=\"https:\/\/www.semmelweisklinik.at\/\">Semelweisklinik, Wien, \u00d6sterreich<\/a><br \/>&#8211; playdoughartproject, Knete-Happening, <a href=\"https:\/\/ugbih.ba\/en\/\">National Gallery of Bosnia and Herzegovina, Sarajevo<\/a><br \/><strong>2011<\/strong><br \/>&#8211; Zeichnen, Volksfaden-Showroom, Berlin<br \/><strong>2003<\/strong><br \/>&#8211; Sehen lernen, Bellhouse Galerie, Brantevik, Schweden<br \/><strong>2000<\/strong><br \/>&#8211; Les mains, Galerie Brighi, Paris<br \/><strong>1998<\/strong><br \/>&#8211; SMARTS, Abgusssammlung Antiker Plastik, Berlin<br \/><strong>1996<\/strong><br \/>&#8211; Do you still want me, The Galerette, London<br \/><strong>1995<\/strong><br \/>&#8211; microsurgery, anatomy of the hand, die box Berli<br \/><strong>1994<\/strong><br \/>&#8211; Ich als Tisch, Galerie Kunstamt Kreuzberg, Berlin;<br \/>&#8211; If I were you, United Society of Shakers, Sabbathday Lake, Main, U.S.A.<\/p>\n<h3>Residenzen<\/h3>\n<p><strong>2023<\/strong><br \/>&#8211; Semmelweisklinik, Wien, \u00d6sterreich<br \/>&#8211; Gem\u00e4ldegalerie Bosnien &amp; Herzegowina, Sarajevo,<br \/><strong>1996<\/strong><br \/>&#8211; London, Kurator\/K\u00fcnstler in residence, the Galerette<br \/><strong>1994<\/strong><br \/>&#8211; New York, N.Y. und Sabathday Lake, Main, U.S.A., Forschungsprojekt bei der United Society of Shakers<br \/><strong>1991<\/strong><br \/>&#8211; Arbeitsaufenthalt bei Hans Brockhage, Holzbildhauer<\/p>\n<p>[\/et_pb_text][\/et_pb_column][et_pb_column type=&#8221;1_2&#8243; _builder_version=&#8221;4.16&#8243; _module_preset=&#8221;default&#8221; global_colors_info=&#8221;{}&#8221;][et_pb_text _builder_version=&#8221;4.27.5&#8243; _module_preset=&#8221;default&#8221; header_4_font=&#8221;|600|||||||&#8221; header_4_line_height=&#8221;1.3em&#8221; custom_margin=&#8221;50px|0px|0px|12px|false|false&#8221; custom_padding=&#8221;||0px||false|false&#8221; hover_enabled=&#8221;0&#8243; global_colors_info=&#8221;{}&#8221; sticky_enabled=&#8221;0&#8243;]<\/p>\n<h3>Action<\/h3>\n<p><strong><\/strong><strong>2025<br \/><\/strong>playdoughartproject @<em>\u00a0<\/em><a href=\"https:\/\/skulpturensammlung.skd.museum\/ausstellungen\/herkules-held-und-antiheld\/\">Gem\u00e4ldegalerie Alte Meister, Dresden:<\/a> <em>Herkules | <\/em> <a href=\"https:\/\/www.buchheimmuseum.de\/\">Buchheim Museum, opening weekend<\/a>: <em>Ausgesucht |<\/em> <a href=\"https:\/\/franz-marc-museum.de\/\">Franz Marc Museum, Kochel<\/a>: st\u00e4ndige Sammlung | S<a href=\"https:\/\/schlossmuseum-murnau.de\">chlossmuseum Murnau<\/a>: <em>Olga Meerson<\/em> | <a href=\"https:\/\/www.dhmd.de\/ausstellungen\/lebensfreude-von-gerhard-richter-wird-teilweise-freigelegt\">Deutschen Hygiene Museum Dresden:<\/a> Wandbild Gerhard Richter | <a href=\"https:\/\/albertinum.skd.museum\/\">Albertinum, Dresden<\/a> \u2013 Gerhard Richter Saal <em>|<\/em> <strong><\/strong><a href=\"https:\/\/www.kunstsammlungen-chemnitz.de\/ausstellungen\/european-realities\/\">Kunstsammlung Chemnitz, Museum Gunzhauser<\/a>: <em>European Realities | <\/em><a href=\"https:\/\/www.blmk.de\/programm\/unbeschreiblich-weiblich\/\">Brandenburgischen Landesmuseum Moderne Kunst, Cottbus<\/a>: <em>Unbeschreiblich Weiblich<\/em><\/p>\n<p><strong>2024<br \/><\/strong>playdoughartproject @\u00a0<a href=\"https:\/\/playdoughartproject.global\/knete-im-museum\/#knetenberlinischegalerie\">Berlinische Galerie, Berlin<\/a><em>: <\/em>permanent collection <em>| <\/em><a href=\"https:\/\/www.lenbachhaus.de\/\">Lenbachhaus<\/a><em>: <\/em>permanent collection <em>| <\/em><a href=\"https:\/\/www.bayerisches-nationalmuseum.de\/\">Bayerisches Nationalmuseum<\/a><em>: Tilmann Riemenschneider<br \/>&#8211; 31 wome<\/em>n\u2013 Handlung als Skulptur, happening and exhibition, <a href=\"https:\/\/die-box-berlin.de\/project\/31-women\/\">die box, Berlin<\/a><br \/><strong>2023<br \/><\/strong>&#8211; <em>playdoughartproject @<\/em>\u00a0<a href=\"https:\/\/www.khm.at\/en\">Kunsthistorisches Museum Wien<\/a>: permanent collection | Heidi Horten Collection: permanent collection |\u00a0 <a href=\"https:\/\/www.semmelweisklinik.at\/\">Semelwei\u00dfklinik, Wien, \u00d6sterreich<\/a> |\u00a0<a href=\"https:\/\/ugbih.ba\/en\/\">National Gallery of Bosnia and Herzegovina, Sarajevo<\/a>, Bosnien und Herzegovina<br \/>&#8211; <em>Orakel <\/em>by Lajos Talamonti with Werner Waas, Haus der Statistik, Berlin<br \/><strong>2022<\/strong><br \/>&#8211; <em>Lebendige Bilder \u2013 Knete-Happening<\/em>, <a href=\"https:\/\/www.smb.museum\/museen-einrichtungen\/gemaeldegalerie\/veranstaltungen\/detail\/lebendige-bilder-knet-happening-mit-katharina-neubert-2022-12-09-110000-132847\/\">Gem\u00e4ldegalerie Berlin<\/a><br \/>&#8211; <em>OMA<\/em>, kickoff intergeneratives textiles Forschungsprojekt, die box, Berlin<br \/>&#8211; <a href=\"https:\/\/lajos-talamonti.com\/project\/das-orakel\/\"><em>Lucina Mania<\/em>, by Lajos Talamonti<\/a> with Werner Waas, Kultursommer, Stra\u00dfentheaterfestival Ludwigshafen<br \/><strong>2021<\/strong><br \/>&#8211; <em>Mit Knete die Welt ver\u00e4ndern<\/em>, Katharina Neubert, die box, Berlin<br \/><strong>2018<\/strong><br \/>&#8211; <em>Ode to possibilities<\/em>, Katharina Neubert, Suzie Brighi, die box, Berlin<\/p>\n<h3>Group shows<\/h3>\n<p><strong>20<\/strong><strong>24<\/strong><br \/>&#8211; <a href=\"https:\/\/die-box-berlin.de\/project\/fourth-auction-of-international-contemporary-drawing\/\"><em>Forth Auction of contemporary drawing<\/em>, die box, Berlin<\/a><br \/><strong>2023<\/strong><br \/>&#8211; <a href=\"https:\/\/die-box-berlin.de\/project\/third-auction-of-international-contemporary-drawing\/\">Third Auction of contemporary Drawing, die box, Berlin<\/a><br \/>&#8211; <a href=\"https:\/\/die-box-berlin.de\/project\/leistungsschau-im-wohnzimmer\/\"><em>Leistungsschau im Wohnzimmer, die 90er in den 20ern<\/em>, die box, Berlin<\/a><br \/><strong>1999<\/strong><br \/>&#8211; Artforum, Galerie Kukei&amp;Kukei, Berlin;<br \/>&#8211; zweite Auktion zeitgen\u00f6ssischer Zeichnung, die box, Berlin<br \/><strong>1998<\/strong><br \/>&#8211; CeterumCenseo, Marstall, Berlin;<br \/>&#8211; erste Auktion zeitgen\u00f6ssischer Zeichnung, die box, Berlin<br \/><strong>1997<\/strong><br \/>&#8211; progressiv, Galerie Thor Zimmermann, K\u00f6ln;<br \/>&#8211; osmos am See, Galerie osmos, Berlin;<br \/>&#8211; Pool Position, Kunsthaus Rhenania, K\u00f6ln<br \/><strong>1993<\/strong><br \/>&#8211; Handgep\u00e4ck, Bartlett School of Architecture &amp; Planning, London<br \/><strong>1992<\/strong><br \/>&#8211; Saar Ferngas F\u00f6rderpreis, Saarbr\u00fccken<\/p>\n<h3>Grants<\/h3>\n<p><strong>2025 <\/strong>F\u00f6rderung Dezentrale Kulturarbeit, Tempelhof-Sch\u00f6neberg, Berlin<strong><br \/><\/strong><strong>2023<\/strong> Neustart Kultur, Stiftung Kunstfont, Bonn<br \/><strong>2022<\/strong> F\u00f6rderung Dezentrale Kulturarbeit, Tempelhof-Sch\u00f6neberg, Berlin<br \/><strong>1991<\/strong> London, Royal College of Art, Erasmus Scollarship<\/p>\n<p>[\/et_pb_text][\/et_pb_column][\/et_pb_row][\/et_pb_section]<\/p>\n","protected":false},"excerpt":{"rendered":"<p>A project by Katharina NeubertPersonal data Born: July 1965Nationality: germannot married, one child born in 2000)Katharina Neubert, picture by Regine Peter, 2023Education 2001\u20132003 CimData, Medienakademie, Designer1985\u20131992 Universit\u00e4t der K\u00fcnste, Berlin, Meistersch\u00fcler1984\u20131991 History studies, (TU, Berlin)1983 Abitur, Berlin Career since 2018 reopening project space \u201adie box\u2018 since 2003 agency dot box, Designsince 1992 self employed artist,1994 [&hellip;]<\/p>\n","protected":false},"author":1,"featured_media":0,"parent":0,"menu_order":0,"comment_status":"closed","ping_status":"closed","template":"","meta":{"_et_pb_use_builder":"on","_et_pb_old_content":"","_et_gb_content_width":"","inline_featured_image":false,"footnotes":""},"class_list":["post-4448","page","type-page","status-publish","hentry"],"_links":{"self":[{"href":"https:\/\/playdoughartproject.global\/en\/wp-json\/wp\/v2\/pages\/4448","targetHints":{"allow":["GET"]}}],"collection":[{"href":"https:\/\/playdoughartproject.global\/en\/wp-json\/wp\/v2\/pages"}],"about":[{"href":"https:\/\/playdoughartproject.global\/en\/wp-json\/wp\/v2\/types\/page"}],"author":[{"embeddable":true,"href":"https:\/\/playdoughartproject.global\/en\/wp-json\/wp\/v2\/users\/1"}],"replies":[{"embeddable":true,"href":"https:\/\/playdoughartproject.global\/en\/wp-json\/wp\/v2\/comments?post=4448"}],"version-history":[{"count":10,"href":"https:\/\/playdoughartproject.global\/en\/wp-json\/wp\/v2\/pages\/4448\/revisions"}],"predecessor-version":[{"id":5414,"href":"https:\/\/playdoughartproject.global\/en\/wp-json\/wp\/v2\/pages\/4448\/revisions\/5414"}],"wp:attachment":[{"href":"https:\/\/playdoughartproject.global\/en\/wp-json\/wp\/v2\/media?parent=4448"}],"curies":[{"name":"wp","href":"https:\/\/api.w.org\/{rel}","templated":true}]}}