{"id":4690,"date":"2023-09-17T21:20:18","date_gmt":"2023-09-17T19:20:18","guid":{"rendered":"https:\/\/playdoughartproject.global\/participation-at-the-museum\/"},"modified":"2025-02-17T13:11:40","modified_gmt":"2025-02-17T12:11:40","slug":"participation-at-the-museum","status":"publish","type":"page","link":"https:\/\/playdoughartproject.global\/en\/participation-at-the-museum\/","title":{"rendered":"Participation at the museum"},"content":{"rendered":"<p>[et_pb_section fb_built=&#8221;1&#8243; admin_label=&#8221;Header&#8221; _builder_version=&#8221;4.22.1&#8243; _module_preset=&#8221;default&#8221; background_color=&#8221;#01012C&#8221; use_background_color_gradient=&#8221;on&#8221; background_color_gradient_direction=&#8221;0deg&#8221; background_color_gradient_stops=&#8221;rgba(1,1,44,0) 0%|rgba(1,1,44,0.64) 100%&#8221; background_color_gradient_overlays_image=&#8221;on&#8221; background_color_gradient_start=&#8221;rgba(1,1,44,0)&#8221; background_color_gradient_end=&#8221;rgba(1,1,44,0.64)&#8221; background_enable_image=&#8221;off&#8221; custom_padding=&#8221;||0px|||&#8221; locked=&#8221;off&#8221; global_colors_info=&#8221;{}&#8221;][et_pb_row _builder_version=&#8221;4.16&#8243; _module_preset=&#8221;default&#8221; global_colors_info=&#8221;{}&#8221;][et_pb_column type=&#8221;4_4&#8243; _builder_version=&#8221;4.16&#8243; _module_preset=&#8221;default&#8221; global_colors_info=&#8221;{}&#8221;][et_pb_text _builder_version=&#8221;4.22.1&#8243; _module_preset=&#8221;534cc526-6274-4e31-9e1a-7f18a5947bf1&#8243; header_4_font=&#8221;Archivo|600||on|||||&#8221; header_4_text_color=&#8221;#DB0EB7&#8243; header_4_font_size=&#8221;13px&#8221; header_4_letter_spacing=&#8221;1px&#8221; header_4_line_height=&#8221;1.5em&#8221; text_orientation=&#8221;center&#8221; custom_margin=&#8221;||0px||false|false&#8221; header_4_font_size_tablet=&#8221;&#8221; header_4_font_size_phone=&#8221;&#8221; header_4_font_size_last_edited=&#8221;on|desktop&#8221; locked=&#8221;off&#8221; global_colors_info=&#8221;{}&#8221;]<\/p>\n<h4>Participation at the museum<\/h4>\n<p>[\/et_pb_text][et_pb_text _builder_version=&#8221;4.22.1&#8243; _module_preset=&#8221;c4ce2210-b1ce-439b-84ed-0d48741a8fdf&#8221; header_font=&#8221;Barlow Condensed|500|||||||&#8221; header_text_color=&#8221;#FFFFFF&#8221; header_font_size=&#8221;80px&#8221; header_line_height=&#8221;1.1em&#8221; text_orientation=&#8221;center&#8221; custom_margin=&#8221;||0px||false|false&#8221; header_font_size_tablet=&#8221;42px&#8221; header_font_size_phone=&#8221;26px&#8221; header_font_size_last_edited=&#8221;on|tablet&#8221; locked=&#8221;off&#8221; global_colors_info=&#8221;{}&#8221;]<\/p>\n<h1>Happenings and Workshops<\/h1>\n<p>[\/et_pb_text][\/et_pb_column][\/et_pb_row][et_pb_row column_structure=&#8221;2_5,3_5&#8243; _builder_version=&#8221;4.22.1&#8243; _module_preset=&#8221;default&#8221; custom_margin=&#8221;||||false|false&#8221; custom_padding=&#8221;||110px||false|false&#8221; global_colors_info=&#8221;{}&#8221;][et_pb_column type=&#8221;2_5&#8243; _builder_version=&#8221;4.22.1&#8243; _module_preset=&#8221;default&#8221; background_color=&#8221;#FFFFFF&#8221; transform_scale_tablet=&#8221;&#8221; transform_scale_phone=&#8221;&#8221; transform_scale_last_edited=&#8221;on|tablet&#8221; transform_translate=&#8221;100px|110px&#8221; transform_translate_tablet=&#8221;0px|0px&#8221; transform_translate_phone=&#8221;&#8221; transform_translate_last_edited=&#8221;on|desktop&#8221; transform_translate_linked=&#8221;off&#8221; transform_rotate_tablet=&#8221;&#8221; transform_rotate_phone=&#8221;&#8221; transform_rotate_last_edited=&#8221;on|desktop&#8221; transform_skew_tablet=&#8221;&#8221; transform_skew_phone=&#8221;&#8221; transform_skew_last_edited=&#8221;on|desktop&#8221; transform_origin_tablet=&#8221;&#8221; transform_origin_phone=&#8221;&#8221; transform_origin_last_edited=&#8221;on|desktop&#8221; transform_styles_last_edited=&#8221;on|desktop&#8221; z_index=&#8221;10&#8243; custom_padding=&#8221;40px|30px|50px|30px|false|true&#8221; custom_padding_tablet=&#8221;|30px||30px|true|true&#8221; custom_padding_phone=&#8221;|20px||20px|true|true&#8221; custom_padding_last_edited=&#8221;on|desktop&#8221; transform_styles_tablet=&#8221;&#8221; transform_styles_phone=&#8221;&#8221; global_colors_info=&#8221;{}&#8221;][et_pb_text _builder_version=&#8221;4.22.1&#8243; _module_preset=&#8221;5ff55506-da7d-4dd7-b409-9d62c7203201&#8243; header_4_font=&#8221;|600|||||||&#8221; header_4_line_height=&#8221;1.3em&#8221; custom_margin=&#8221;|0px|0px||false|false&#8221; custom_padding=&#8221;||20px||false|false&#8221; hover_enabled=&#8221;0&#8243; global_colors_info=&#8221;{}&#8221; sticky_enabled=&#8221;0&#8243;]<\/p>\n<h2>Kneten im Museum f\u00fcr Besucher*innen<\/h2>\n<p>ist ein partizipatorisches Format. In Happenings und Workshops f\u00fcr Gruppen von Erwachsene, Menschen mit Behinderung und Kindern werden die Exponate knetendim Museum interpretiert. In Zusammenarbeit mit den Museumsp\u00e4dagogischen Diensten in Sarajevo und Wien, sind in fr\u00f6hlichen Sessions besonders sch\u00f6ne Ergebnisse entstanden. Die Resultate immer bezaubernd, die Reationen immer \u00fcberw\u00e4ltigend positiv \u2013 Kneten hat therapeutischen Qualit\u00e4ten, kurz: kneten macht gl\u00fccklich!<\/p>\n<p>[\/et_pb_text][\/et_pb_column][et_pb_column type=&#8221;3_5&#8243; _builder_version=&#8221;4.22.1&#8243; _module_preset=&#8221;default&#8221; background_enable_color=&#8221;off&#8221; background_image=&#8221;https:\/\/playdoughartproject.global\/wp-content\/uploads\/2023\/09\/Playdoughartproject-workshop-gemaeldegaleriebosnienherzegovina-adults-foto@victor-neubert-2023-15.jpg&#8221; custom_padding=&#8221;96px|140px|96px|100px|true|false&#8221; custom_padding_tablet=&#8221;30px|30px|30px|30px|true|true&#8221; custom_padding_phone=&#8221;|20px||20px|true|true&#8221; custom_padding_last_edited=&#8221;on|phone&#8221; global_colors_info=&#8221;{}&#8221;][et_pb_text _builder_version=&#8221;4.22.1&#8243; _module_preset=&#8221;df96b77a-cd4f-44a8-a771-2d6347592b53&#8243; header_2_font=&#8221;Barlow Condensed||||||||&#8221; header_2_text_color=&#8221;#FFFFFF&#8221; header_2_font_size=&#8221;64px&#8221; header_2_line_height=&#8221;1.1em&#8221; custom_margin=&#8221;|0px|16px||false|false&#8221; custom_padding=&#8221;||||false|false&#8221; header_2_font_size_tablet=&#8221;32px&#8221; header_2_font_size_phone=&#8221;20px&#8221; header_2_font_size_last_edited=&#8221;on|desktop&#8221; locked=&#8221;off&#8221; global_colors_info=&#8221;{}&#8221;]<\/p>\n<h2>I feel so relaxed and calm, I consider doing this more often<\/h2>\n<p>[\/et_pb_text][\/et_pb_column][\/et_pb_row][\/et_pb_section][et_pb_section fb_built=&#8221;1&#8243; admin_label=&#8221;About&#8221; _builder_version=&#8221;4.16&#8243; _module_preset=&#8221;default&#8221; custom_padding=&#8221;||15vw||false|false&#8221; global_colors_info=&#8221;{}&#8221;][et_pb_row _builder_version=&#8221;4.16&#8243; _module_preset=&#8221;default&#8221; border_width_bottom=&#8221;1px&#8221; border_color_bottom=&#8221;#05060d&#8221; global_colors_info=&#8221;{}&#8221;][et_pb_column type=&#8221;4_4&#8243; _builder_version=&#8221;4.16&#8243; _module_preset=&#8221;default&#8221; global_colors_info=&#8221;{}&#8221;][et_pb_text _builder_version=&#8221;4.22.1&#8243; _module_preset=&#8221;df96b77a-cd4f-44a8-a771-2d6347592b53&#8243; header_2_font=&#8221;Barlow Condensed||||||||&#8221; header_2_text_color=&#8221;#000000&#8243; header_2_font_size=&#8221;64px&#8221; header_2_line_height=&#8221;1.1em&#8221; custom_margin=&#8221;||16px||false|false&#8221; header_2_font_size_tablet=&#8221;32px&#8221; header_2_font_size_phone=&#8221;20px&#8221; header_2_font_size_last_edited=&#8221;on|desktop&#8221; locked=&#8221;off&#8221; global_colors_info=&#8221;{}&#8221;]<\/p>\n<h2>Images<\/h2>\n<p><strong>special thanx to Aida \u0160arac Berbi\u0107,<\/strong> for her great organization of the workshops and translation work and creative contribution. The Picture Gallery in Bosnia and Herzegovona is an inclusive museum and regularly offers activities for and with the people.<\/p>\n<p>[\/et_pb_text][et_pb_filterable_portfolio fullwidth=&#8221;off&#8221; include_categories=&#8221;30,31,32,29,10&#8243; show_categories=&#8221;off&#8221; show_pagination=&#8221;off&#8221; _builder_version=&#8221;4.22.1&#8243; _module_preset=&#8221;default&#8221; title_font_size=&#8221;15px&#8221; filter_font_size=&#8221;12px&#8221; custom_margin=&#8221;||||false|false&#8221; custom_padding=&#8221;11px|11px|11px|11px|true|true&#8221; global_colors_info=&#8221;{}&#8221;][\/et_pb_filterable_portfolio][et_pb_text _builder_version=&#8221;4.22.1&#8243; _module_preset=&#8221;41d5859c-fbaa-458a-88e4-5d886857f235&#8243; header_4_font=&#8221;|600|||||||&#8221; header_4_line_height=&#8221;1.3em&#8221; custom_margin=&#8221;43px|0px|0px||false|false&#8221; custom_padding=&#8221;||0px||false|false&#8221; locked=&#8221;off&#8221; global_colors_info=&#8221;{}&#8221;]<\/p>\n<p>Picture credits: @Victor Neubert<\/p>\n<p>[\/et_pb_text][\/et_pb_column][\/et_pb_row][\/et_pb_section]<\/p>\n","protected":false},"excerpt":{"rendered":"<p>Participation at the museumHappenings and WorkshopsKneten im Museum f\u00fcr Besucher*innen ist ein partizipatorisches Format. In Happenings und Workshops f\u00fcr Gruppen von Erwachsene, Menschen mit Behinderung und Kindern werden die Exponate knetendim Museum interpretiert. In Zusammenarbeit mit den Museumsp\u00e4dagogischen Diensten in Sarajevo und Wien, sind in fr\u00f6hlichen Sessions besonders sch\u00f6ne Ergebnisse entstanden. Die Resultate immer bezaubernd, [&hellip;]<\/p>\n","protected":false},"author":1,"featured_media":0,"parent":0,"menu_order":0,"comment_status":"closed","ping_status":"closed","template":"","meta":{"_et_pb_use_builder":"on","_et_pb_old_content":"","_et_gb_content_width":"","inline_featured_image":false,"footnotes":""},"class_list":["post-4690","page","type-page","status-publish","hentry"],"_links":{"self":[{"href":"https:\/\/playdoughartproject.global\/en\/wp-json\/wp\/v2\/pages\/4690","targetHints":{"allow":["GET"]}}],"collection":[{"href":"https:\/\/playdoughartproject.global\/en\/wp-json\/wp\/v2\/pages"}],"about":[{"href":"https:\/\/playdoughartproject.global\/en\/wp-json\/wp\/v2\/types\/page"}],"author":[{"embeddable":true,"href":"https:\/\/playdoughartproject.global\/en\/wp-json\/wp\/v2\/users\/1"}],"replies":[{"embeddable":true,"href":"https:\/\/playdoughartproject.global\/en\/wp-json\/wp\/v2\/comments?post=4690"}],"version-history":[{"count":10,"href":"https:\/\/playdoughartproject.global\/en\/wp-json\/wp\/v2\/pages\/4690\/revisions"}],"predecessor-version":[{"id":5164,"href":"https:\/\/playdoughartproject.global\/en\/wp-json\/wp\/v2\/pages\/4690\/revisions\/5164"}],"wp:attachment":[{"href":"https:\/\/playdoughartproject.global\/en\/wp-json\/wp\/v2\/media?parent=4690"}],"curies":[{"name":"wp","href":"https:\/\/api.w.org\/{rel}","templated":true}]}}